{"id":338,"date":"2025-05-16T22:10:56","date_gmt":"2025-05-16T22:10:56","guid":{"rendered":"https:\/\/www.viajerosporelnilo.es\/?page_id=338"},"modified":"2025-05-16T22:10:56","modified_gmt":"2025-05-16T22:10:56","slug":"politica-de-cookies","status":"publish","type":"page","link":"https:\/\/www.viajerosporelnilo.es\/index.php\/politica-de-cookies\/","title":{"rendered":"Pol\u00edtica de Cookies"},"content":{"rendered":"\n<p>El presente sitio web (en adelante, el \u201cSitio Web\u201d) utiliza cookies para realizar un seguimiento de las interacciones de los usuarios con los servicios que ofrece el titular del sitio web, VIAJEROS POR EL NILO y mejorar su experiencia en el sitio web.\u00a0<\/p>\n\n\n\n<p>1.- Qu\u00e9 son las cookies:<\/p>\n\n\n\n<p>Las cookies son peque\u00f1os archivos de texto que se descargan y almacenan en el terminal (ordenador\/smartphone\/tablet) del usuario al acceder a determinadas p\u00e1ginas web y que permiten al sitio web, entre otros fines,\u00a0recordar preferencias de navegaci\u00f3n y navegar de manera eficiente, haciendo que la interacci\u00f3n entre el usuario y el sitio web sea m\u00e1s r\u00e1pida y f\u00e1cil.<br><br>La informaci\u00f3n recogida por las cookies u otros dispositivos de almacenamiento es totalmente an\u00f3nima y no contiene ninguna informaci\u00f3n sensible (como el nombre, direcci\u00f3n o detalles bancarios) ya que \u00e9stas no recogen datos que puedan identificar personalmente al usuario.<\/p>\n\n\n\n<p>2.- Tipos de cookies utilizadas:<\/p>\n\n\n\n<p>El presente Sitio Web utiliza cookies, p\u00edxeles u otros dispositivos de almacenamiento y recuperaci\u00f3n de informaci\u00f3n para realizar un seguimiento de las interacciones de los usuarios en el Sitio Web. Los tipos de cookies que utiliza el Sitio Web son los siguientes:<\/p>\n\n\n\n<h5 class=\"wp-block-heading\">Cookies propias<\/h5>\n\n\n\n<p><strong>Cookies de VIAJEROS POR EL NILO:<\/strong> Estas cookies permiten que el sitio Web funcione correctamente por lo que son esenciales para que el usuario pueda usar todas las opciones del Sitio Web y pueda moverse por el mismo con normalidad. Permiten, por ejemplo, guardar sus preferencias personales.<\/p>\n\n\n\n<figure class=\"wp-block-table\"><table class=\"has-fixed-layout\"><tbody><tr><th>Empresa<\/th><th>Informaci\u00f3n<\/th><th>Finalidad<\/th><\/tr><tr><td>Viajeros por el Nilo<\/td><td>Ubicaci\u00f3n del usuario y preferencias personales<\/td><td>Permiten ofrecer un servicio m\u00e1s personalizado a cada visitante, as\u00ed como guardar las preferencias personales, como por ejemplo la divisa en la que se muestran los precios.<\/td><\/tr><\/tbody><\/table><\/figure>\n\n\n\n<h5 class=\"wp-block-heading\">Cookies de Terceros<\/h5>\n\n\n\n<p><strong>Cookies de anal\u00edtica<\/strong>: Estas cookies permiten recopilar informaci\u00f3n an\u00f3nima sobre la navegaci\u00f3n de los usuarios por el Sitio Web y sus patrones de comportamiento, con el fin de conocer el origen de las visitas y otros datos estad\u00edsticos, as\u00ed como de mejorar el funcionamiento del servicio.<\/p>\n\n\n\n<figure class=\"wp-block-table\"><table class=\"has-fixed-layout\"><tbody><tr><th>Empresa<\/th><th>Informaci\u00f3n<\/th><th>Finalidad<\/th><th>M\u00e1s informaci\u00f3n<\/th><th>Tiempo de conservaci\u00f3n<\/th><\/tr><tr><td>Google Analytics<\/td><td>P\u00e1ginas visitadas, tiempo de navegaci\u00f3n, origen del visitante, ubicaci\u00f3n&#8230;<\/td><td>Informes estad\u00edsticos sobre como los usuarios encuentran la p\u00e1gina web, c\u00f3mo la utilizan y si esta funciona correctamente<\/td><td>Ver<\/td><td>26 meses<\/td><\/tr><tr><td>Optimizely<\/td><td>P\u00e1ginas visitadas, tiempo de navegaci\u00f3n, origen del visitante, ubicaci\u00f3n&#8230;<\/td><td>Informes estad\u00edsticos sobre como los usuarios encuentran la p\u00e1gina web, c\u00f3mo la utilizan y si esta funciona correctamente. A diferencia de Google Analytics, Optimizely utiliza esta informaci\u00f3n sobre variaciones de la aplicaci\u00f3n que est\u00e1n en fase de experimentaci\u00f3n y que ayudar\u00e1n a proporcionar una mejor experiencia al usuario.<\/td><td>Ver<\/td><td>6 meses<\/td><\/tr><tr><td>New Relic<\/td><td>Informaci\u00f3n sobre la navegaci\u00f3n<\/td><td>Informes sobre como los usuarios utilizan la web y si esta funciona correctamente<\/td><td>Ver<\/td><td>6 meses<\/td><\/tr><\/tbody><\/table><\/figure>\n\n\n\n<p><strong>Cookies de publicidad<\/strong>: Permiten la gesti\u00f3n, de la forma m\u00e1s eficaz posible, de los espacios publicitarios que, el editor haya incluido en el Sitio Web, aplicaci\u00f3n o plataforma desde la que presta el servicio solicitado en base a criterios como el contenido editado o la frecuencia en la que se muestran los anuncios. Permiten ofrecer publicidad af\u00edn a los intereses del Usuario.<\/p>\n\n\n\n<figure class=\"wp-block-table\"><table class=\"has-fixed-layout\"><tbody><tr><th>Empresa<\/th><th>Informaci\u00f3n<\/th><th>Finalidad<\/th><th>M\u00e1s informaci\u00f3n<\/th><th>Tiempo de conservaci\u00f3n<\/th><\/tr><tr><td>Doubleclick (Google, Inc.)<\/td><td>Informaci\u00f3n sobre los anuncios que han sido mostrados a un usuario, sobre los que le interesan y sobre si visita la p\u00e1gina web del anunciante<\/td><td>Mejorar y gestionar la exposici\u00f3n de anuncios publicitarios al usuario evitando que aparezcan anuncios que ya ha visto<\/td><td>Ver<\/td><td>18 meses<\/td><\/tr><tr><td>Facebook<\/td><td>Datos del usuario en Facebook y su navegaci\u00f3n en la p\u00e1gina actual<\/td><td>Permiten compartir el contenido de una p\u00e1gina y saber si a tus amigos tambi\u00e9n les gusta, tambi\u00e9n personalizar los anuncios dentro de Facebook<\/td><td>Ver<\/td><td>400 d\u00edas<\/td><\/tr><\/tbody><\/table><\/figure>\n\n\n\n<p>3.- \u00bfQui\u00e9n es el responsable del tratamiento de las cookies en esta p\u00e1gina web?<\/p>\n\n\n\n<p>El titular de la web y responsable del tratamiento de las cookies aqu\u00ed utilizadas, as\u00ed como sus datos de contacto, son accesibles en el Aviso Legal de esta p\u00e1gina. Asimismo, pueden existir cookies de terceros distintos del titular de esta web, como se explica m\u00e1s abajo.<\/p>\n\n\n\n<p>4.- \u00bfCu\u00e1l es la legitimaci\u00f3n para el uso de las cookies?<\/p>\n\n\n\n<p>En el caso de las cookies t\u00e9cnicas, es decir, aquellas que resultan imprescindibles para navegar por esta web y recibir el servicio ofrecido a trav\u00e9s de ella, la base legal de su uso es el acuerdo a trav\u00e9s del cual usted decide utilizar esta p\u00e1gina web y utilizar sus servicios.<\/p>\n\n\n\n<p>La base legal del uso del resto de cookies es el consentimiento del usuario, que se le solicita en el momento de acceder a esta web, pudiendo revocarlo en cualquier momento. La retirada de dicho consentimiento no afectar\u00e1 a la posibilidad de navegar por esta web y utilizar sus servicios, pero los tratamientos de datos efectuados con anterioridad no perder\u00e1n su licitud por el hecho de que el consentimiento se haya revocado.<\/p>\n\n\n\n<p>5.- \u00bfA qu\u00e9 destinatarios se comunicar\u00e1n las cookies o podr\u00e1n acceder a ellas?<\/p>\n\n\n\n<p>Cuando existan cookies de terceros, conforme a lo indicado m\u00e1s arriba, dichos terceros podr\u00e1n acceder a las cookies y utilizarlas en la forma antes descrita. En este sentido, todos los socios de VIAJEROS POR EL NILO podr\u00e1n acceder a las cookies. Puedes informarte de las transferencias a terceros pa\u00edses que, en su caso, realizan nuestros socios en sus correspondientes pol\u00edticas de privacidad, a las cuales puedes acceder pinchando en el nombre de cada uno de ellos a trav\u00e9s del siguiente enlace: socios<\/p>\n\n\n\n<p>Para m\u00e1s informaci\u00f3n sobre el tratamiento de sus datos personales puede consultar la pol\u00edtica de privacidad de VIAJEROS POR EL NILO.<\/p>\n\n\n\n<p>6.- Web beacons o web bug<\/p>\n\n\n\n<p>Este Sitio Web tambi\u00e9n utiliza Web Beacons, que suelen ser peque\u00f1as im\u00e1genes de un pixel por un pixel, visibles o invisibles colocados dentro del c\u00f3digo fuente de algunos sitios web, y tienen una finalidad similar a las cookies. Los Web Beacons suelen utilizarse a modo estad\u00edstico, para medir el tr\u00e1fico de usuarios que visitan una p\u00e1gina web y poder sacar un patr\u00f3n de los usuarios de un sitio web. Los datos obtenidos a trav\u00e9s de los Web Beacons son en todo caso an\u00f3nimos.<\/p>\n\n\n\n<p>7.- C\u00f3mo deshabilitar las cookies y otros dispositivos:<\/p>\n\n\n\n<p>La mayor\u00eda de navegadores web permiten gestionar las preferencias de cookies u otros dispositivos de almacenamiento, para tener un control m\u00e1s preciso sobre la privacidad.<br><br>Los siguientes links muestran las instrucciones para desactivar la configuraci\u00f3n de las cookies en cada navegador:<\/p>\n\n\n\n<h5 class=\"wp-block-heading\">1. Internet Explorer<\/h5>\n\n\n\n<ul class=\"wp-block-list\">\n<li>En el men\u00fa de herramientas, seleccione \u201cOpciones de Internet\u201d.<\/li>\n\n\n\n<li>Haga clic en la pesta\u00f1a de privacidad.<\/li>\n\n\n\n<li>Podr\u00e1 configurar la privacidad con un cursor con seis posiciones que le permite controlar la cantidad de cookies que se instalar\u00e1n: Bloquear todas las cookies, Alta, Media Alto, Media (nivel por defecto), Baja, y Aceptar todas las cookies.<\/li>\n<\/ul>\n\n\n\n<h5 class=\"wp-block-heading\">2. Mozilla Firefox<\/h5>\n\n\n\n<ul class=\"wp-block-list\">\n<li>En la parte superior de la ventana de Firefox hacer clic en el men\u00fa Herramientas.<\/li>\n\n\n\n<li>Seleccionar Opciones.<\/li>\n\n\n\n<li>Seleccionar el panel Privacidad.<\/li>\n\n\n\n<li>En la opci\u00f3n Firefox podr\u00e1 elegir Usar una configuraci\u00f3n personalizada para el historial para configurar las opciones.<\/li>\n<\/ul>\n\n\n\n<h5 class=\"wp-block-heading\">3. Google Chrome<\/h5>\n\n\n\n<ul class=\"wp-block-list\">\n<li>Hacer clic en el men\u00fa situado en la barra de herramientas.<\/li>\n\n\n\n<li>Seleccionar Configuraci\u00f3n.<\/li>\n\n\n\n<li>Hacer clic en Mostar opciones avanzadas.<\/li>\n\n\n\n<li>En la secci\u00f3n &#8216;Privacidad&#8217; hacer clic en el bot\u00f3n Configuraci\u00f3n de contenido.<\/li>\n\n\n\n<li>En la secci\u00f3n de &#8216;Cookies&#8217; se pueden configurar las opciones.<\/li>\n<\/ul>\n\n\n\n<h5 class=\"wp-block-heading\">4. Safari<\/h5>\n\n\n\n<ul class=\"wp-block-list\">\n<li>En el men\u00fa de configuraci\u00f3n, seleccione la opci\u00f3n de \u201cpreferencias\u201d.<\/li>\n\n\n\n<li>Abra la pesta\u00f1a de privacidad.<\/li>\n\n\n\n<li>Seleccione la opci\u00f3n que quiera de la secci\u00f3n de \u201cbloquear cookies\u201d.<\/li>\n\n\n\n<li>Recuerde que ciertas funciones y la plena funcionalidad del Sitio pueden no estar disponibles despu\u00e9s de deshabilitar los cookies.<\/li>\n<\/ul>\n\n\n\n<p>8.- Cookies en los dispositivos m\u00f3viles:<\/p>\n\n\n\n<p>El presente Sitio Web tambi\u00e9n usa cookies u otros dispositivos de almacenamiento en dispositivos m\u00f3viles. En este caso, al igual que sucede en los navegadores de ordenadores, los navegadores de los dispositivos m\u00f3viles permiten configurar las opciones o ajustes de privacidad para desactivar o eliminar las cookies.<br><br>Si desea modificar las opciones de privacidad siga las instrucciones especificadas por el desarrollador de su navegador para dispositivo m\u00f3vil.<\/p>\n\n\n\n<p>9.- Gesti\u00f3n del consentimiento para el uso de cookies:<\/p>\n\n\n\n<p>Le informamos que en el caso de bloquear o no aceptar la instalaci\u00f3n de cookies, es posible que ciertos servicios no est\u00e9n disponibles sin la utilizaci\u00f3n de \u00e9stas o que no pueda acceder a determinados servicios ni tampoco aprovechar por completo todo lo que este sitio web le ofrece.<\/p>\n\n\n\n<p>El usuario podr\u00e1 acceder al panel de configuraci\u00f3n de las cookies y gestionar las mismas en cualquier momento, as\u00ed como revocar el consentimiento inicialmente otorgado, pinchando\u00a0aqu\u00ed.<\/p>\n\n\n\n<p><\/p>\n","protected":false},"excerpt":{"rendered":"<p>El presente sitio web (en adelante, el \u201cSitio Web\u201d) utiliza cookies para realizar un seguimiento de las interacciones de los usuarios con los servicios que ofrece el titular del sitio web, VIAJEROS POR EL NILO y mejorar su experiencia en el sitio web.\u00a0 1.- Qu\u00e9 son las cookies: Las cookies son peque\u00f1os archivos de texto [&hellip;]<\/p>\n","protected":false},"author":1,"featured_media":0,"parent":0,"menu_order":0,"comment_status":"closed","ping_status":"closed","template":"","meta":{"saved_in_kubio":false,"footnotes":""},"class_list":["post-338","page","type-page","status-publish","hentry"],"kubio_ai_page_context":{"short_desc":"","purpose":"general"},"_links":{"self":[{"href":"https:\/\/www.viajerosporelnilo.es\/index.php\/wp-json\/wp\/v2\/pages\/338","targetHints":{"allow":["GET"]}}],"collection":[{"href":"https:\/\/www.viajerosporelnilo.es\/index.php\/wp-json\/wp\/v2\/pages"}],"about":[{"href":"https:\/\/www.viajerosporelnilo.es\/index.php\/wp-json\/wp\/v2\/types\/page"}],"author":[{"embeddable":true,"href":"https:\/\/www.viajerosporelnilo.es\/index.php\/wp-json\/wp\/v2\/users\/1"}],"replies":[{"embeddable":true,"href":"https:\/\/www.viajerosporelnilo.es\/index.php\/wp-json\/wp\/v2\/comments?post=338"}],"version-history":[{"count":1,"href":"https:\/\/www.viajerosporelnilo.es\/index.php\/wp-json\/wp\/v2\/pages\/338\/revisions"}],"predecessor-version":[{"id":339,"href":"https:\/\/www.viajerosporelnilo.es\/index.php\/wp-json\/wp\/v2\/pages\/338\/revisions\/339"}],"wp:attachment":[{"href":"https:\/\/www.viajerosporelnilo.es\/index.php\/wp-json\/wp\/v2\/media?parent=338"}],"curies":[{"name":"wp","href":"https:\/\/api.w.org\/{rel}","templated":true}]}}