{"id":494,"date":"2025-06-12T22:48:26","date_gmt":"2025-06-12T22:48:26","guid":{"rendered":"https:\/\/www.viajerosporelnilo.es\/?page_id=494"},"modified":"2025-06-25T23:50:26","modified_gmt":"2025-06-25T23:50:26","slug":"terminos-y-condiciones","status":"publish","type":"page","link":"https:\/\/www.viajerosporelnilo.es\/index.php\/terminos-y-condiciones\/","title":{"rendered":"T\u00e9rminos y Condiciones"},"content":{"rendered":"\n<p>T\u00e9rminos y Condiciones de Uso y Contrataci\u00f3n \u00daltima actualizaci\u00f3n: [Fecha] Bienvenido\/a a \u201cViajeros por el Nilo\u201d, operadora de excursiones y viajes por Egipto. Al acceder y utilizar nuestro sitio web www.viajerosporelnilo.es y\/o contratar nuestros servicios, usted acepta los siguientes t\u00e9rminos y condiciones:<\/p>\n\n\n\n<ol class=\"wp-block-list\">\n<li><strong>Identidad del proveedor<\/strong><br>Nombre de la empresa: Viajeros por el Nilo LLC<br>Domicilio: L25000263084 FIN\/EIN 39-2519425 4th St N, suite 300 st Petersburg,<br>33702 FL, USA<br>Correo electr\u00f3nico de contacto: viajerosporelnilo@gmail.com<br>Tel\u00e9fono: +34 696 614 374<\/li>\n\n\n\n<li><strong>Descripci\u00f3n de los servicios<\/strong><br>Ofrecemos excursiones tur\u00edsticas guiadas en diferentes regiones de Egipto, incluyendo<br>transporte, gu\u00edas y otras actividades seg\u00fan se detalla en cada paquete.<\/li>\n\n\n\n<li><strong>Reservas y pagos<\/strong><br>\u25cf Las reservas se realizan a trav\u00e9s del sitio web o por correo.<br>\u25cf El pago debe ser total,para garantizar la reserva de las excursiones.<br>\u25cf La reserva no se considera confirmada hasta recibir el pago correspondiente.<\/li>\n\n\n\n<li><strong>Cancelaciones y reembolsos<\/strong><br>\u25cf Cancelaciones con m\u00e1s de 30 d\u00edas de antelaci\u00f3n: 100% reembolso.<br>\u25cf Cancelaciones entre 29 y 7 d\u00edas: 50% reembolso.<br>\u25cf Cancelaciones con menos de 7 d\u00edas: no reembolsable.<\/li>\n<\/ol>\n\n\n\n<p>\u25cf La empresa se reserva el derecho de modificar o cancelar una excursi\u00f3n por motivos<br>de seguridad o causas externas (clima, disturbios, etc.).<\/p>\n\n\n\n<ol start=\"5\" class=\"wp-block-list\">\n<li><strong>Responsabilidad<\/strong><br>\u25cf No nos responsabilizamos por p\u00e9rdida de objetos personales durante las<br>excursiones.<br>\u25cf El cliente debe contar con seguro m\u00e9dico y\/o de viaje (recomendado).<br>\u25cf Las excursiones pueden implicar caminatas, calor, y otras condiciones f\u00edsicas; el<br>cliente debe informar previamente de cualquier condici\u00f3n m\u00e9dica relevante.<\/li>\n\n\n\n<li><strong>Propiedad intelectual<\/strong><br>Todos los textos, im\u00e1genes y materiales del sitio web son propiedad de \u201cViajeros por el<br>Nilo\u201d o tienen derechos de uso autorizados.<\/li>\n\n\n\n<li><strong>Legislaci\u00f3n aplicable<\/strong><br>Estos t\u00e9rminos se rigen por las leyes de USA. En caso de conflicto, las partes se someter\u00e1n<br>a los tribunales de [ciudad o pa\u00eds].<\/li>\n<\/ol>\n\n\n\n<p><\/p>\n","protected":false},"excerpt":{"rendered":"<p>T\u00e9rminos y Condiciones de Uso y Contrataci\u00f3n \u00daltima actualizaci\u00f3n: [Fecha] Bienvenido\/a a \u201cViajeros por el Nilo\u201d, operadora de excursiones y viajes por Egipto. Al acceder y utilizar nuestro sitio web www.viajerosporelnilo.es y\/o contratar nuestros servicios, usted acepta los siguientes t\u00e9rminos y condiciones: \u25cf La empresa se reserva el derecho de modificar o cancelar una excursi\u00f3n [&hellip;]<\/p>\n","protected":false},"author":1,"featured_media":0,"parent":0,"menu_order":0,"comment_status":"closed","ping_status":"closed","template":"","meta":{"saved_in_kubio":true,"footnotes":""},"class_list":["post-494","page","type-page","status-publish","hentry"],"kubio_ai_page_context":{"short_desc":"","purpose":"general"},"_links":{"self":[{"href":"https:\/\/www.viajerosporelnilo.es\/index.php\/wp-json\/wp\/v2\/pages\/494","targetHints":{"allow":["GET"]}}],"collection":[{"href":"https:\/\/www.viajerosporelnilo.es\/index.php\/wp-json\/wp\/v2\/pages"}],"about":[{"href":"https:\/\/www.viajerosporelnilo.es\/index.php\/wp-json\/wp\/v2\/types\/page"}],"author":[{"embeddable":true,"href":"https:\/\/www.viajerosporelnilo.es\/index.php\/wp-json\/wp\/v2\/users\/1"}],"replies":[{"embeddable":true,"href":"https:\/\/www.viajerosporelnilo.es\/index.php\/wp-json\/wp\/v2\/comments?post=494"}],"version-history":[{"count":3,"href":"https:\/\/www.viajerosporelnilo.es\/index.php\/wp-json\/wp\/v2\/pages\/494\/revisions"}],"predecessor-version":[{"id":514,"href":"https:\/\/www.viajerosporelnilo.es\/index.php\/wp-json\/wp\/v2\/pages\/494\/revisions\/514"}],"wp:attachment":[{"href":"https:\/\/www.viajerosporelnilo.es\/index.php\/wp-json\/wp\/v2\/media?parent=494"}],"curies":[{"name":"wp","href":"https:\/\/api.w.org\/{rel}","templated":true}]}}