{"id":204,"date":"2025-05-11T21:36:58","date_gmt":"2025-05-11T21:36:58","guid":{"rendered":"https:\/\/www.viajerosporelnilo.es\/?post_type=product&#038;p=204"},"modified":"2026-02-22T15:42:22","modified_gmt":"2026-02-22T15:42:22","slug":"paseo-en-globo-sobre-luxor","status":"publish","type":"product","link":"https:\/\/www.viajerosporelnilo.es\/index.php\/producto\/paseo-en-globo-sobre-luxor\/","title":{"rendered":"Paseo en Globo sobre Luxor"},"content":{"rendered":"<div class=\"flex flex-col text-sm pb-25\">\n<article class=\"text-token-text-primary w-full focus:outline-none [--shadow-height:45px] has-data-writing-block:pointer-events-none has-data-writing-block:-mt-(--shadow-height) has-data-writing-block:pt-(--shadow-height) [&amp;:has([data-writing-block])&gt;*]:pointer-events-auto scroll-mt-[calc(var(--header-height)+min(200px,max(70px,20svh)))]\" dir=\"auto\" tabindex=\"-1\" data-turn-id=\"request-WEB:203f2f85-4f1d-4ce8-9a6d-467a99e6372d-30\" data-testid=\"conversation-turn-62\" data-scroll-anchor=\"true\" data-turn=\"assistant\">\n<div class=\"text-base my-auto mx-auto pb-10 [--thread-content-margin:--spacing(4)] @w-sm\/main:[--thread-content-margin:--spacing(6)] @w-lg\/main:[--thread-content-margin:--spacing(16)] px-(--thread-content-margin)\">\n<div class=\"[--thread-content-max-width:40rem] @w-lg\/main:[--thread-content-max-width:48rem] mx-auto max-w-(--thread-content-max-width) flex-1 group\/turn-messages focus-visible:outline-hidden relative flex w-full min-w-0 flex-col agent-turn\" tabindex=\"-1\">\n<div class=\"flex max-w-full flex-col grow\">\n<div class=\"min-h-8 text-message relative flex w-full flex-col items-end gap-2 text-start break-words whitespace-normal [.text-message+&amp;]:mt-1\" dir=\"auto\" data-message-author-role=\"assistant\" data-message-id=\"f8e01336-32f4-46fc-9947-a8338c3f9ad0\" data-message-model-slug=\"gpt-5-mini\">\n<div class=\"flex w-full flex-col gap-1 empty:hidden first:pt-[1px]\">\n<div class=\"markdown prose dark:prose-invert w-full wrap-break-word light markdown-new-styling\">\n<p data-start=\"36\" data-end=\"440\">Vive una experiencia inolvidable con <strong data-start=\"73\" data-end=\"97\">Viajeros por el Nilo<\/strong> sobrevolando <span class=\"hover:entity-accent entity-underline inline cursor-pointer align-baseline\"><span class=\"whitespace-normal\">Luxor<\/span><\/span> en un espectacular paseo en globo al amanecer. Desde las alturas, contempla los impresionantes <strong>Templos de <span class=\"hover:entity-accent entity-underline inline cursor-pointer align-baseline\"><span class=\"whitespace-normal\">Karnak<\/span><\/span> y <span class=\"hover:entity-accent entity-underline inline cursor-pointer align-baseline\"><span class=\"whitespace-normal\">Luxor<\/span><\/span><\/strong>, los majestuosos<strong> <span class=\"hover:entity-accent entity-underline inline cursor-pointer align-baseline\"><span class=\"whitespace-normal\">Colosos de Memn\u00f3n<\/span><\/span> <\/strong>y el serpenteante r\u00edo Nilo que atraviesa el valle.<\/p>\n<p data-start=\"442\" data-end=\"819\" data-is-last-node=\"\" data-is-only-node=\"\">El paseo en globo ofrece una perspectiva \u00fanica de los monumentos fara\u00f3nicos y del desierto que los rodea, mientras disfrutas de la tranquilidad y la magia de la salida del sol. Ideal para quienes buscan aventura, fotograf\u00eda y momentos que quedar\u00e1n grabados para siempre. Una forma \u00fanica de contemplar la grandeza de Luxor y sentir la historia del antiguo Egipto desde el cielo.<\/p>\n<\/div>\n<\/div>\n<\/div>\n<\/div>\n<div class=\"z-0 flex min-h-[46px] justify-start\"><\/div>\n<\/div>\n<\/div>\n<\/article>\n<\/div>\n<div class=\"pointer-events-none h-px w-px absolute bottom-0\" aria-hidden=\"true\" data-edge=\"true\"><\/div>\n<p>&nbsp;<\/p>\n","protected":false},"excerpt":{"rendered":"<p>En <strong>Viajeros por el Nilo<\/strong> vive una experiencia \u00fanica desde las alturas: un espectacular paseo en globo sobre Luxor.Admira el amanecer mientras el sol ilumina los Templos y monumentos de la antigua capital fara\u00f3nica, incluyendo los <strong>Templos de Karnak y Luxor<\/strong> y los majestuosos<strong> Colosos de Memn\u00f3n<\/strong>. Desde el globo, disfruta de vistas panor\u00e1micas del <strong><span class=\"hover:entity-accent entity-underline inline cursor-pointer align-baseline\"><span class=\"whitespace-normal\">Valle de los Reyes<\/span><\/span><\/strong>, los templos funerarios y el Nilo serpenteando por el paisaje des\u00e9rticoUna experiencia m\u00e1gica que combina aventura, historia y fotograf\u00eda, perfecta para capturar momentos inolvidables y contemplar la grandeza del antiguo Egipto desde una perspectiva \u00fanica.<\/p>\n","protected":false},"featured_media":214,"comment_status":"open","ping_status":"closed","template":"","meta":{"saved_in_kubio":false},"product_brand":[],"product_cat":[23],"product_tag":[],"class_list":{"0":"post-204","1":"product","2":"type-product","3":"status-publish","4":"has-post-thumbnail","6":"product_cat-destinos","8":"first","9":"instock","10":"virtual","11":"purchasable","12":"product-type-simple"},"_links":{"self":[{"href":"https:\/\/www.viajerosporelnilo.es\/index.php\/wp-json\/wp\/v2\/product\/204","targetHints":{"allow":["GET"]}}],"collection":[{"href":"https:\/\/www.viajerosporelnilo.es\/index.php\/wp-json\/wp\/v2\/product"}],"about":[{"href":"https:\/\/www.viajerosporelnilo.es\/index.php\/wp-json\/wp\/v2\/types\/product"}],"replies":[{"embeddable":true,"href":"https:\/\/www.viajerosporelnilo.es\/index.php\/wp-json\/wp\/v2\/comments?post=204"}],"wp:featuredmedia":[{"embeddable":true,"href":"https:\/\/www.viajerosporelnilo.es\/index.php\/wp-json\/wp\/v2\/media\/214"}],"wp:attachment":[{"href":"https:\/\/www.viajerosporelnilo.es\/index.php\/wp-json\/wp\/v2\/media?parent=204"}],"wp:term":[{"taxonomy":"product_brand","embeddable":true,"href":"https:\/\/www.viajerosporelnilo.es\/index.php\/wp-json\/wp\/v2\/product_brand?post=204"},{"taxonomy":"product_cat","embeddable":true,"href":"https:\/\/www.viajerosporelnilo.es\/index.php\/wp-json\/wp\/v2\/product_cat?post=204"},{"taxonomy":"product_tag","embeddable":true,"href":"https:\/\/www.viajerosporelnilo.es\/index.php\/wp-json\/wp\/v2\/product_tag?post=204"}],"curies":[{"name":"wp","href":"https:\/\/api.w.org\/{rel}","templated":true}]}}