{"id":226,"date":"2025-05-11T21:52:56","date_gmt":"2025-05-11T21:52:56","guid":{"rendered":"https:\/\/www.viajerosporelnilo.es\/?post_type=product&#038;p=226"},"modified":"2026-02-22T15:09:41","modified_gmt":"2026-02-22T15:09:41","slug":"visita-al-templo-de-luxor-karnak","status":"publish","type":"product","link":"https:\/\/www.viajerosporelnilo.es\/index.php\/producto\/visita-al-templo-de-luxor-karnak\/","title":{"rendered":"Templo de Luxor  Karnak"},"content":{"rendered":"<p>Ubicados en la orilla este del r\u00edo Nilo, <strong>los templos de Luxor y Karnak<\/strong> son dos de los complejos religiosos m\u00e1s impresionantes y emblem\u00e1ticos de la antigua civilizaci\u00f3n egipcia. Ambos templos no solo destacan por su majestuosidad arquitect\u00f3nica, sino tambi\u00e9n por su relevancia hist\u00f3rica y cultural.<\/p>\n<p><strong>Los templos de Karnak y Luxor<\/strong>, dos de los m\u00e1s importantes vestigios de la civilizaci\u00f3n egipcia, se encuentra en el Nilo. Es imposible hablar de cualquier lugar de Egipto sin hacer referencia al r\u00edo Nilo.<\/p>\n<p>Adem\u00e1s de ser el r\u00edo m\u00e1s largo del mundo, ha sido durante siglos una fuente de vida y prosperidad para Egipto. Sus aguas han permitido el desarrollo de la agricultura, la navegaci\u00f3n y el comercio, y han sido testigos de la historia y la cultura de este antiguo pa\u00eds.<\/p>\n<p><strong>El dise\u00f1o del templo de Luxor<\/strong> es un testimonio de la habilidad arquitect\u00f3nica y la devoci\u00f3n religiosa de los antiguos egipcios. La entrada principal est\u00e1 flanqueada por un par de estatuas colosales de Rams\u00e9s II y el obelisco solitario. <strong>El templo de Karnak<\/strong>, situado a unos dos kil\u00f3metros al norte de Luxor, es uno de los complejos religiosos m\u00e1s grandes y extraordinarios jam\u00e1s construidos. Una de las caracter\u00edsticas m\u00e1s impresionantes del templo de Karnak es la Gran Sala Hip\u00f3stila, un vasto espacio sostenido por 134 columnas gigantescas, cada una de ellas esculpida con jerogl\u00edficos detallados y representaciones de dioses y faraones.<\/p>\n<p>&nbsp;<\/p>\n<p>&nbsp;<\/p>\n","protected":false},"excerpt":{"rendered":"<p>En <strong>Viajeros por el Nilo<\/strong> descubre la majestuosidad de los templos de Luxor, verdaderos tesoros del antiguo Egipto. Comienza en el impresionante <strong>Templo de Karnak.<\/strong><\/p>\n<p>Luego visita el elegante <strong>Templo de Luxor<\/strong>, situado en el centro de la ciudad, famoso por su arquitectura armoniosa y su atm\u00f3sfera \u00fanica. Este recorrido permite sumergirse en la grandeza fara\u00f3nica, admirando la historia, la religi\u00f3n y la magnificencia art\u00edstica de Luxor en un solo d\u00eda.<\/p>\n","protected":false},"featured_media":233,"comment_status":"open","ping_status":"closed","template":"","meta":{"saved_in_kubio":false},"product_brand":[],"product_cat":[23],"product_tag":[],"class_list":{"0":"post-226","1":"product","2":"type-product","3":"status-publish","4":"has-post-thumbnail","6":"product_cat-destinos","8":"first","9":"instock","10":"virtual","11":"taxable","12":"purchasable","13":"product-type-simple"},"_links":{"self":[{"href":"https:\/\/www.viajerosporelnilo.es\/index.php\/wp-json\/wp\/v2\/product\/226","targetHints":{"allow":["GET"]}}],"collection":[{"href":"https:\/\/www.viajerosporelnilo.es\/index.php\/wp-json\/wp\/v2\/product"}],"about":[{"href":"https:\/\/www.viajerosporelnilo.es\/index.php\/wp-json\/wp\/v2\/types\/product"}],"replies":[{"embeddable":true,"href":"https:\/\/www.viajerosporelnilo.es\/index.php\/wp-json\/wp\/v2\/comments?post=226"}],"wp:featuredmedia":[{"embeddable":true,"href":"https:\/\/www.viajerosporelnilo.es\/index.php\/wp-json\/wp\/v2\/media\/233"}],"wp:attachment":[{"href":"https:\/\/www.viajerosporelnilo.es\/index.php\/wp-json\/wp\/v2\/media?parent=226"}],"wp:term":[{"taxonomy":"product_brand","embeddable":true,"href":"https:\/\/www.viajerosporelnilo.es\/index.php\/wp-json\/wp\/v2\/product_brand?post=226"},{"taxonomy":"product_cat","embeddable":true,"href":"https:\/\/www.viajerosporelnilo.es\/index.php\/wp-json\/wp\/v2\/product_cat?post=226"},{"taxonomy":"product_tag","embeddable":true,"href":"https:\/\/www.viajerosporelnilo.es\/index.php\/wp-json\/wp\/v2\/product_tag?post=226"}],"curies":[{"name":"wp","href":"https:\/\/api.w.org\/{rel}","templated":true}]}}