{"id":357,"date":"2025-05-28T01:26:21","date_gmt":"2025-05-28T01:26:21","guid":{"rendered":"https:\/\/www.viajerosporelnilo.es\/?post_type=product&#038;p=357"},"modified":"2026-02-21T14:46:45","modified_gmt":"2026-02-21T14:46:45","slug":"pack-tour-nocturno-en-el-cairo","status":"publish","type":"product","link":"https:\/\/www.viajerosporelnilo.es\/index.php\/producto\/pack-tour-nocturno-en-el-cairo\/","title":{"rendered":"Pack Tour Nocturno en El Cairo"},"content":{"rendered":"<p>En el <strong>Pack Tour Nocturno en El Cairo <\/strong>te llevamos a conocer rincones incre\u00edbles y emblem\u00e1ticos de la ciudad del Cairo donde vivir\u00e1s experiencias \u00fanicas con personas locales, mercadillos, degustaci\u00f3n de la gastronom\u00eda tradicional y un sin fin de experiencias particulares y \u00fanicas para cada persona. 100% garant\u00eda de satisfacci\u00f3n de conocer El Cairo es lo que buscas.<\/p>\n<p>En <strong>Viajeros por el Nilo<\/strong> te llevaremos a conocer la <strong>Calle Moez<\/strong> y el <strong>Bazar de Khan El-Khalili<\/strong>, lugares que no te puedes perder si viene a visitar Egipto.<\/p>\n<p><strong>Khan El Khalili<\/strong>, el extenso mercado\/bazar\/zoco en el coraz\u00f3n del Viejo Cairo, es una enorme mezcla de lo antiguo y lo moderno, desde hermosa arquitectura isl\u00e1mica centenaria hasta faroles de Ramad\u00e1n baratos, con el rostro de Mo Salah. Y si bien es una atracci\u00f3n tur\u00edstica , la mayor\u00eda de los clientes de Khan El Khalili son egipcios, por lo que el mercado est\u00e1 animado a casi todas horas del d\u00eda y de la noche, en todas las estaciones.<\/p>\n<p>La <strong>Calle Moez <\/strong>esta en\u00a0<strong>El<\/strong>\u00a0<strong>Cairo Antiguo o el Viejo Cairo<\/strong>\u00a0se extiende al sur de la zona moderna de la ciudad y, sin lugar a dudas, es el barrio con m\u00e1s encanto de\u00a0la capital egipcia. No es casualidad que la <strong>UNESCO<\/strong> lo haya incluido en su lista de lugares declarados Patrimonio de la Humanidad en 1979.<\/p>\n<p>&nbsp;<\/p>\n","protected":false},"excerpt":{"rendered":"<p><strong>IMPORTANTE:<\/strong><\/p>\n<p>El precio indicado <strong>no corresponde a la tarifa final del servicio<\/strong>. Con el prop\u00f3sito de brindarle una atenci\u00f3n personalizada y permitirle resolver todas sus inquietudes antes de asumir cualquier compromiso, podr\u00e1 avanzar en el proceso de compra <strong>sin realizar ning\u00fan pago<\/strong>. Una vez definido su paquete de viaje y coordinadas las actividades, nuestra operadora de ventas le asistir\u00e1 en la formalizaci\u00f3n del pago.<\/p>\n","protected":false},"featured_media":355,"comment_status":"open","ping_status":"closed","template":"","meta":{"saved_in_kubio":false},"product_brand":[],"product_cat":[22],"product_tag":[],"class_list":{"0":"post-357","1":"product","2":"type-product","3":"status-publish","4":"has-post-thumbnail","6":"product_cat-pack","8":"first","9":"instock","10":"taxable","11":"shipping-taxable","12":"purchasable","13":"product-type-simple"},"_links":{"self":[{"href":"https:\/\/www.viajerosporelnilo.es\/index.php\/wp-json\/wp\/v2\/product\/357","targetHints":{"allow":["GET"]}}],"collection":[{"href":"https:\/\/www.viajerosporelnilo.es\/index.php\/wp-json\/wp\/v2\/product"}],"about":[{"href":"https:\/\/www.viajerosporelnilo.es\/index.php\/wp-json\/wp\/v2\/types\/product"}],"replies":[{"embeddable":true,"href":"https:\/\/www.viajerosporelnilo.es\/index.php\/wp-json\/wp\/v2\/comments?post=357"}],"wp:featuredmedia":[{"embeddable":true,"href":"https:\/\/www.viajerosporelnilo.es\/index.php\/wp-json\/wp\/v2\/media\/355"}],"wp:attachment":[{"href":"https:\/\/www.viajerosporelnilo.es\/index.php\/wp-json\/wp\/v2\/media?parent=357"}],"wp:term":[{"taxonomy":"product_brand","embeddable":true,"href":"https:\/\/www.viajerosporelnilo.es\/index.php\/wp-json\/wp\/v2\/product_brand?post=357"},{"taxonomy":"product_cat","embeddable":true,"href":"https:\/\/www.viajerosporelnilo.es\/index.php\/wp-json\/wp\/v2\/product_cat?post=357"},{"taxonomy":"product_tag","embeddable":true,"href":"https:\/\/www.viajerosporelnilo.es\/index.php\/wp-json\/wp\/v2\/product_tag?post=357"}],"curies":[{"name":"wp","href":"https:\/\/api.w.org\/{rel}","templated":true}]}}