{"id":370,"date":"2025-05-28T01:55:47","date_gmt":"2025-05-28T01:55:47","guid":{"rendered":"https:\/\/www.viajerosporelnilo.es\/?post_type=product&#038;p=370"},"modified":"2026-02-22T12:21:10","modified_gmt":"2026-02-22T12:21:10","slug":"templo-de-philae-obelisco-inacabado-y-presa-de-asuan","status":"publish","type":"product","link":"https:\/\/www.viajerosporelnilo.es\/index.php\/producto\/templo-de-philae-obelisco-inacabado-y-presa-de-asuan\/","title":{"rendered":"Templo de Philae, Obelisco Inacabado y presa de Asu\u00e1n"},"content":{"rendered":"<p><span data-huuid=\"13163028438710873964\"><strong>El Templo de Philae, el Obelisco Inacabado y la Presa de Asu\u00e1n<\/strong> son tres puntos tur\u00edsticos en Asu\u00e1n. <\/span><span data-huuid=\"13163028438710871177\">El Templo de Philae, dedicado a Isis, fue trasladado de su ubicaci\u00f3n original en la isla de Philae a Agilkia, una isla m\u00e1s alta, para evitar que quedara sumergido por la construcci\u00f3n de la Presa de Asu\u00e1n.\u00a0<\/span><span data-huuid=\"13163028438710872486\">El Obelisco Inacabado, un gigante de granito rojo, fue descubierto en la cantera de granito rojo de Asu\u00e1n y se cree que fue destinado al pueblo de Karnak, aunque nunca fue terminado.\u00a0<\/span><span data-huuid=\"13163028438710873795\">La Presa de Asu\u00e1n, un proyecto de ingenier\u00eda del siglo XX, control\u00f3 las crecidas del Nilo y salv\u00f3 a Egipto de inundaciones.<\/span><\/p>\n<div class=\"WaaZC\">\n<div class=\"RJPOee EIJn2\">\n<div class=\"rPeykc uP58nb\" data-hveid=\"CBIQAQ\" data-ved=\"2ahUKEwi-7cfF_eeNAxXjmIQIHVhaA7kQo_EKegQIEhAB\"><strong><span role=\"heading\" aria-level=\"2\">El Templo de Philae:<\/span><span class=\"pjBG2e\" data-cid=\"e774d0ef-232d-4428-90ab-04ec29d0f023\"><span class=\"UV3uM\">\u00a0<\/span><\/span><\/strong><\/div>\n<\/div>\n<\/div>\n<div class=\"WaaZC\">\n<div class=\"RJPOee EIJn2\">\n<ul data-hveid=\"CBsQAQ\" data-ved=\"2ahUKEwi-7cfF_eeNAxXjmIQIHVhaA7kQm_YKegQIGxAB\">\n<li><span data-huuid=\"10036529016999282032\">Est\u00e1 dedicado a la diosa Isis.<\/span><\/li>\n<li><span data-huuid=\"10036529016999282950\">Fue trasladado a Agilkia para evitar que quedara sumergido por la Presa de Asu\u00e1n.<\/span><\/li>\n<li><span data-huuid=\"10036529016999283868\">Es uno de los templos mejor conservados de Egipto.<\/span><\/li>\n<li><span data-huuid=\"10036529016999280690\">Se puede llegar en barco desde Asu\u00e1n.<\/span><\/li>\n<\/ul>\n<\/div>\n<\/div>\n<div class=\"WaaZC\">\n<div class=\"RJPOee EIJn2\">\n<div class=\"rPeykc uP58nb\" data-hveid=\"CCIQAQ\" data-ved=\"2ahUKEwi-7cfF_eeNAxXjmIQIHVhaA7kQo_EKegQIIhAB\"><strong><span role=\"heading\" aria-level=\"2\">El Obelisco Inacabado:<\/span><span class=\"pjBG2e\" data-cid=\"e657c431-ec11-463d-92d4-103f92f61f9f\"><span class=\"UV3uM\">\u00a0<\/span><\/span><\/strong><\/div>\n<\/div>\n<\/div>\n<div class=\"WaaZC\">\n<div class=\"RJPOee EIJn2\">\n<ul data-hveid=\"CC8QAQ\" data-ved=\"2ahUKEwi-7cfF_eeNAxXjmIQIHVhaA7kQm_YKegQILxAB\">\n<li><span data-huuid=\"13163028438710870670\">Fue descubierto en la cantera de granito rojo de Asu\u00e1n.<span class=\"pjBG2e\" data-cid=\"f40fc0a6-ffa3-4659-95d4-87b21371bb11\"><span class=\"UV3uM\">\u00a0<\/span><\/span><\/span>\n<div class=\"NPrrbc\" data-cid=\"f40fc0a6-ffa3-4659-95d4-87b21371bb11\" data-uuids=\"13163028438710870670\">\n<div class=\"BMebGe btku5b fCrZyc LwdV0e FR7ZSc OJeuxf\" tabindex=\"0\" role=\"button\" aria-label=\"Ver v\u00ednculos relacionados\" data-hveid=\"CCYQAQ\" data-ved=\"2ahUKEwi-7cfF_eeNAxXjmIQIHVhaA7kQ3fYKegQIJhAB\"><\/div>\n<\/div>\n<\/li>\n<li><span data-huuid=\"13163028438710873288\">Se cree que era el obelisco m\u00e1s grande de Egipto.<span class=\"pjBG2e\" data-cid=\"0edd8d5e-6604-4cef-9eb3-e33bea8b78c0\"><span class=\"UV3uM\">\u00a0<\/span><\/span><\/span>\n<div class=\"NPrrbc\" data-cid=\"0edd8d5e-6604-4cef-9eb3-e33bea8b78c0\" data-uuids=\"13163028438710873288\">\n<div class=\"BMebGe btku5b fCrZyc LwdV0e FR7ZSc OJeuxf\" tabindex=\"0\" role=\"button\" aria-label=\"Ver v\u00ednculos relacionados\" data-hveid=\"CCoQAQ\" data-ved=\"2ahUKEwi-7cfF_eeNAxXjmIQIHVhaA7kQ3fYKegQIKhAB\"><\/div>\n<\/div>\n<\/li>\n<li><span data-huuid=\"13163028438710871810\">De haber sido terminado, habr\u00eda medido m\u00e1s de 40 metros de altura.<span class=\"pjBG2e\" data-cid=\"89ef7706-7ba2-4754-888b-14c2c5f08cb7\"><span class=\"UV3uM\">\u00a0<\/span><\/span><\/span>\n<div class=\"NPrrbc\" data-cid=\"89ef7706-7ba2-4754-888b-14c2c5f08cb7\" data-uuids=\"13163028438710871810\">\n<div class=\"BMebGe btku5b fCrZyc LwdV0e FR7ZSc OJeuxf\" tabindex=\"0\" role=\"button\" aria-label=\"Ver v\u00ednculos relacionados\" data-hveid=\"CCcQAQ\" data-ved=\"2ahUKEwi-7cfF_eeNAxXjmIQIHVhaA7kQ3fYKegQIJxAB\"><\/div>\n<\/div>\n<\/li>\n<li><span data-huuid=\"13163028438710870332\">Se cree que fue construido durante el reinado de Hatshepsut.<span class=\"pjBG2e\" data-cid=\"8995bcdf-de1e-4ee2-8e52-0cea2a3c3724\"><span class=\"UV3uM\">\u00a0<\/span><\/span><\/span>\n<div class=\"NPrrbc\" data-cid=\"8995bcdf-de1e-4ee2-8e52-0cea2a3c3724\" data-uuids=\"13163028438710870332\">\n<div class=\"BMebGe btku5b fCrZyc LwdV0e FR7ZSc OJeuxf\" tabindex=\"0\" role=\"button\" aria-label=\"Ver v\u00ednculos relacionados\" data-hveid=\"CCMQAQ\" data-ved=\"2ahUKEwi-7cfF_eeNAxXjmIQIHVhaA7kQ3fYKegQIIxAB\"><\/div>\n<\/div>\n<\/li>\n<\/ul>\n<\/div>\n<\/div>\n<div class=\"WaaZC\">\n<div class=\"RJPOee EIJn2\">\n<div class=\"rPeykc uP58nb\" data-hveid=\"CDYQAQ\" data-ved=\"2ahUKEwi-7cfF_eeNAxXjmIQIHVhaA7kQo_EKegQINhAB\"><strong><span role=\"heading\" aria-level=\"2\">La Presa de Asu\u00e1n:<\/span><span class=\"pjBG2e\" data-cid=\"fb63304a-1a51-422d-8689-5959d4f27be8\"><span class=\"UV3uM\">\u00a0<\/span><\/span><\/strong><\/div>\n<\/div>\n<\/div>\n<div class=\"WaaZC\">\n<div class=\"RJPOee EIJn2\">\n<ul data-hveid=\"CD0QAQ\" data-ved=\"2ahUKEwi-7cfF_eeNAxXjmIQIHVhaA7kQm_YKegQIPRAB\">\n<li><span data-huuid=\"13163028438710872443\">Un proyecto de ingenier\u00eda del siglo XX que controla las crecidas del Nilo.<\/span><\/li>\n<li><span data-huuid=\"13163028438710870965\">Fue finalizada en 1970.<\/span><\/li>\n<li><span data-huuid=\"13163028438710873583\">Salva a Egipto de las inundaciones anuales.<\/span><\/li>\n<\/ul>\n<\/div>\n<\/div>\n<p>&nbsp;<\/p>\n<p>&nbsp;<\/p>\n","protected":false},"excerpt":{"rendered":"<p>En <strong>Viajeros por el Nilo<\/strong> descubre los imprescindibles de Asu\u00e1n en un recorrido fascinante. Visita el m\u00e1gico <strong>Templo de Filae<\/strong>, dedicado a la diosa Isis y ubicado en una isla del Nilo; contempla el impresionante <strong>Obelisco Inacabado<\/strong>, que revela los secretos de la antigua ingenier\u00eda egipcia; y conoce la imponente <strong>Presa Alta de Asu\u00e1n<\/strong>, una de las grandes obras modernas del pa\u00eds.<\/p>\n<p>Historia, arqueolog\u00eda y modernidad en una experiencia imprescindible.<\/p>\n","protected":false},"featured_media":368,"comment_status":"open","ping_status":"closed","template":"","meta":{"saved_in_kubio":false},"product_brand":[],"product_cat":[23],"product_tag":[],"class_list":{"0":"post-370","1":"product","2":"type-product","3":"status-publish","4":"has-post-thumbnail","6":"product_cat-destinos","8":"first","9":"instock","10":"virtual","11":"taxable","12":"purchasable","13":"product-type-simple"},"_links":{"self":[{"href":"https:\/\/www.viajerosporelnilo.es\/index.php\/wp-json\/wp\/v2\/product\/370","targetHints":{"allow":["GET"]}}],"collection":[{"href":"https:\/\/www.viajerosporelnilo.es\/index.php\/wp-json\/wp\/v2\/product"}],"about":[{"href":"https:\/\/www.viajerosporelnilo.es\/index.php\/wp-json\/wp\/v2\/types\/product"}],"replies":[{"embeddable":true,"href":"https:\/\/www.viajerosporelnilo.es\/index.php\/wp-json\/wp\/v2\/comments?post=370"}],"wp:featuredmedia":[{"embeddable":true,"href":"https:\/\/www.viajerosporelnilo.es\/index.php\/wp-json\/wp\/v2\/media\/368"}],"wp:attachment":[{"href":"https:\/\/www.viajerosporelnilo.es\/index.php\/wp-json\/wp\/v2\/media?parent=370"}],"wp:term":[{"taxonomy":"product_brand","embeddable":true,"href":"https:\/\/www.viajerosporelnilo.es\/index.php\/wp-json\/wp\/v2\/product_brand?post=370"},{"taxonomy":"product_cat","embeddable":true,"href":"https:\/\/www.viajerosporelnilo.es\/index.php\/wp-json\/wp\/v2\/product_cat?post=370"},{"taxonomy":"product_tag","embeddable":true,"href":"https:\/\/www.viajerosporelnilo.es\/index.php\/wp-json\/wp\/v2\/product_tag?post=370"}],"curies":[{"name":"wp","href":"https:\/\/api.w.org\/{rel}","templated":true}]}}